{"id":9227,"date":"2016-10-10T15:08:25","date_gmt":"2016-10-10T15:08:25","guid":{"rendered":"http:\/\/www.cuatropasos.es\/?page_id=9227"},"modified":"2022-01-18T15:28:48","modified_gmt":"2022-01-18T15:28:48","slug":"aviso-legal","status":"publish","type":"page","link":"https:\/\/www.cuatropasos.es\/en\/aviso-legal\/","title":{"rendered":"Legal notice"},"content":{"rendered":"<p><strong>OBJETO DEL CONTRATO<\/strong><\/p>\n<p>Las presentes Condiciones, tienen por objeto regular el acceso y el r\u00e9gimen de adquisici\u00f3n de los productos facilitados por Bodegas Mart\u00edn C\u00f3dax S.A.U al usuario a trav\u00e9s de su p\u00e1gina Web, constituyendo el marco jur\u00eddico que desarrolla la relaci\u00f3n contractual. Los productos y contenidos, ser\u00e1n los que se encuentren a disposici\u00f3n del Usuario en la siguiente p\u00e1gina Web titularidad de&nbsp;<strong>Bodegas Mart\u00edn C\u00f3dax S.A.U &nbsp;<\/strong><a href=\"http:\/\/www.martincodax.com\/\">http:\/\/www.martincodax.com<\/a><\/p>\n<p>Para cualquier reclamaci\u00f3n podr\u00e1 dirigirse a<\/p>\n<p><strong>Bodegas Mart\u00edn C\u00f3dax<\/strong><\/p>\n<p><strong>Burg\u00e1ns, 91<\/strong><\/p>\n<p><strong>36633 Vilari\u00f1o. Cambabos<\/strong><\/p>\n<p><strong>Pontevedra<\/strong><\/p>\n<p><strong>TLF 986526040. <\/strong><\/p>\n<p><strong>Email: comercial@martincodax.com<\/strong><\/p>\n<\/p>\n<p><strong>ACEPTACI\u00d3N Y DISPONIBILIDAD<\/strong><\/p>\n<p>Las presentes Condiciones, regulan la relaci\u00f3n jur\u00eddica derivada de los procesos de contrataci\u00f3n formalizados por los Usuarios a trav\u00e9s de la p\u00e1gina Web de&nbsp;<strong>BODEGAS MARTIN CODAX S.A.U. <\/strong>&nbsp;Los Usuarios aceptan expresamente la adhesi\u00f3n plena y sin reservas a las presentes estipulaciones, en la versi\u00f3n publicada Bodegas Mart\u00edn C\u00f3dax S.A.U en el momento en que el Usuario contrate el producto y\/o contenidos en el que est\u00e1 interesado. Por tanto el Usuario se compromete a leer atentamente las condiciones de contrataci\u00f3n, cada vez que proceda a la contrataci\u00f3n de alg\u00fan producto, dado que las mismas han podido ser objeto de modificaci\u00f3n desde la \u00faltima vez que accedi\u00f3.<\/p>\n<p>Mediante la aceptaci\u00f3n de las presentes Condiciones Generales de contrataci\u00f3n el Usuario declara:<\/p>\n<ol>\n<li>\n<p>Que es una persona con capacidad para contratar.<\/p>\n<\/li>\n<li>\n<p>Que ha le\u00eddo y acepta las presentes condiciones generales de contrataci\u00f3n.<\/p>\n<\/li>\n<\/ol>\n<p>El Usuario tendr\u00e1 acceso siempre y en todo caso, con car\u00e1cter previo al inicio del procedimiento de contrataci\u00f3n de productos, a las condiciones de contrataci\u00f3n, pudiendo ser almacenadas y\/o reproducidas en un soporte duradero.<\/p>\n<\/p>\n<p><strong>MODIFICACI\u00d3N DE LAS CONDICIONES DE CONTRATACI\u00d3N<\/strong><\/p>\n<p><strong>Bodegas Mart\u00edn C\u00f3dax S.A.U<\/strong>&nbsp;podr\u00e1 modificar las presentes estipulaciones siempre que exista causa o motivo suficiente para ello. Se entiende que existe causa o motivo suficiente para la modificaci\u00f3n, con car\u00e1cter enunciativo y no limitativo, cuando \u00e9sta tenga por finalidad:<\/p>\n<ol>\n<li>\n<p>Ampliar la gama o n\u00famero de productos que se ponen a disposici\u00f3n de los Usuarios o mejorar los existentes.<\/p>\n<\/li>\n<li>\n<p>Modificar, sustituir o actualizar los precios de los productos que se ofrecen a trav\u00e9s de la p\u00e1gina Web.<\/p>\n<\/li>\n<\/ol>\n<p><strong>DERECHOS Y OBLIGACIONES DE LAS PARTES<\/strong><\/p>\n<ol>\n<li>\n<p>Obligaciones de&nbsp;<strong>Bodegas Mart\u00edn C\u00f3dax S.A.U<\/strong><\/p>\n<\/li>\n<\/ol>\n<p><strong>Bodegas Mart\u00edn C\u00f3dax S.A.U<\/strong> se compromete a cumplir con las siguientes obligaciones contractuales derivadas de la relaci\u00f3n comercial con el Usuario consecuencia de la contrataci\u00f3n los servicios por parte del mismo:<\/p>\n<p>Prestar con las m\u00e1ximas garant\u00edas al Usuario, el servicio solicitado por \u00e9ste conforme a lo dispuesto en las condiciones de contrataci\u00f3n, sin faltar a la buena fe contractual.<\/p>\n<p>Informar expresamente al Usuario de la existencia de las presentes condiciones con car\u00e1cter previo al inicio del procedimiento de contrataci\u00f3n.<\/p>\n<p>Informar al Usuario con car\u00e1cter previo a la contrataci\u00f3n y de manera concreta, clara, precisa e inequ\u00edvoca, de las caracter\u00edsticas espec\u00edficas de los servicios solicitados, tales como el precio de los mismos y los impuestos que le sean de aplicaci\u00f3n.<\/p>\n<p>Poner a disposici\u00f3n del Usuario un ejemplar del texto de las condiciones generales.<\/p>\n<ol start=\"2\">\n<li>\n<p>Obligaciones del Usuario<\/p>\n<\/li>\n<\/ol>\n<p>Por su parte, el Usuario se compromete a:<\/p>\n<p>Llevar a cabo el \u00edntegro cumplimiento de lo establecido en las presentes condiciones de los servicios facilitados por <strong>Bodegas Mart\u00edn C\u00f3dax, S. A.U. <\/strong><\/p>\n<p>Completar los formularios de registro previos al inicio del procedimiento de contrataci\u00f3n con informaci\u00f3n veraz y actual.<\/p>\n<p>Facilitar, de forma correcta los datos bancarios solicitados por&nbsp;<strong>Bodegas Mart\u00edn C\u00f3dax. S.A.U<\/strong><\/p>\n<p>Pagar el precio de los productos adquiridos, sin que la presentaci\u00f3n de una reclamaci\u00f3n le exima de esta obligaci\u00f3n.<\/p>\n<ol start=\"3\">\n<li>\n<p>Derechos del usuario:<\/p>\n<\/li>\n<\/ol>\n<p>Toda la informaci\u00f3n proporcionada al cliente tendr\u00e1 el car\u00e1cter de vinculante para el oferente en los t\u00e9rminos establecidos por la legislaci\u00f3n vigente.<\/p>\n<p>Todo usuario tiene derecho a que los bienes que adquiera sean de la categor\u00eda y requerimientos legales contratados o de aquella calidad que guarde proporci\u00f3n directa con la categor\u00eda del establecimiento.<\/p>\n<\/p>\n<p><strong>CONDICIONES DE USO<\/strong><\/p>\n<p>El Usuario se compromete y garantiza hacer uso de la web conforme a las disposiciones establecidas en las condiciones generales de contrataci\u00f3n, lo dispuesto en la normativa aplicable, as\u00ed como lo relativo a la moral y a las buenas costumbres.<\/p>\n<p>Mediante la aceptaci\u00f3n de las presentes disposiciones, el usuario se compromete a usar la presente p\u00e1gina web y los productos puestos a su disposici\u00f3n en la misma, de la manera y en la forma que en ella misma se establece. Quedando obligado a no utilizar la presente web y sus productos con fines il\u00edcitos y\/o contrarios a los fines establecidos en este aviso legal, que pudieran ser lesivos de derechos y\/o intereses de terceros o que de cualquier forma puedan da\u00f1ar la presente web o impedir su correcto funcionamiento o de los productos que en ella se ofrecen u ofrecieran en un futuro.<\/p>\n<p>Por su parte, el Usuario, se compromete a no hacer un uso il\u00edcito de los contenidos de la web, o que pueda suponer un perjuicio a<strong> Bodegas Mart\u00edn C\u00f3dax , S. A. U. <\/strong>Por tanto, el Usuario se abstendr\u00e1 a t\u00edtulo no limitativo, de modificar, copiar, distribuir, publicar, ceder y\/o a vender cualquier informaci\u00f3n o apariencia concerniente a la web titularidad de <strong>Bodegas Mart\u00edn C\u00f3dax, S. A.U<\/strong><\/p>\n<ol>\n<li>\n<p>Propiedad Intelectual e Industrial<\/p>\n<\/li>\n<\/ol>\n<p><strong>Bodegas Mart\u00edn C\u00f3dax S.A.U<\/strong><strong>.<\/strong>&nbsp;es titular de los derechos de Propiedad Intelectual e Industrial de los elementos que integran el dise\u00f1o de la web, como la marca, nombre comercial o signo distintivo. En particular y a t\u00edtulo no limitativo, est\u00e1n protegidos por los derechos de autor, los logos, combinaciones de colores, la selecci\u00f3n y la forma de presentaci\u00f3n, el c\u00f3digo fuente de la p\u00e1gina web, los men\u00fas, los botones de navegaci\u00f3n, el c\u00f3digo HTML, los applets de Java, los textos, im\u00e1genes, gr\u00e1ficos, as\u00ed como cualquier otro contenido de la p\u00e1gina web titularidad de <strong>Bodegas mart\u00edn C\u00f3dax S.A.U<\/strong><\/p>\n<p>El Usuario se compromete a respetar los derechos de propiedad intelectual e Industrial de la p\u00e1gina web; por ello, el Usuario se abstendr\u00e1 de copiar, reproducir, distribuir, poner a disposici\u00f3n o comunicaci\u00f3n p\u00fablica del contenido de la web, sin la autorizaci\u00f3n expresa y por escrito de&nbsp;<strong>Bodegas Mart\u00edn C\u00f3dax , S. A.U, <\/strong>a excepci\u00f3n de los contenidos descargables.<\/p>\n<ol start=\"2\">\n<li>\n<p>Limitaci\u00f3n de responsabilidad<\/p>\n<\/li>\n<\/ol>\n<p>El Usuario exonera expresamente a&nbsp;<strong>Bodegas Mart\u00edn C\u00f3dax S.A.U.<\/strong>&nbsp;de toda responsabilidad por da\u00f1os directos e indirectos derivados de eventuales errores en la web, as\u00ed como por la eventual interrupci\u00f3n, suspensi\u00f3n, retardo o anomal\u00eda en el acceso a la misma.<\/p>\n<p><strong>Bodegas Mart\u00edn C\u00f3dax S.A.U.<\/strong>&nbsp;se compromete a poner el m\u00e1ximo cuidado para preservar la web de cualesquiera virus, troyanos y dem\u00e1s elementos que pudieran vulnerar o da\u00f1ar el sistema inform\u00e1tico del Usuario o de terceros. En cualquier caso, el Usuario exonera de toda responsabilidad <strong>a Bodegas Mart\u00edn C\u00f3dax S.A.U<\/strong><strong>.<\/strong>&nbsp;por los da\u00f1os directos o indirectos causados por la eventual existencia de tales elementos da\u00f1inos o maliciosos.<\/p>\n<\/p>\n<p><strong>PERIODO DE VALIDEZ DE LAS PRESENTES CONDICIONES<\/strong><\/p>\n<p>El periodo de validez de las presentes condiciones, ser\u00e1 el tiempo que permanezcan publicadas en la p\u00e1gina Web y se aplicar\u00e1n a los servicios adquiridos en el momento en que dichas condiciones estuvieran disponibles.<\/p>\n<p>En todo caso,&nbsp;<strong>Bodegas Mart\u00edn C\u00f3dax S.A.U.<\/strong>&nbsp;se reserva el derecho de modificarlas de forma unilateral, sin que ello pueda afectar a los servicios contratados por los usuarios con car\u00e1cter previo a la modificaci\u00f3n, salvo en aquellos supuestos en los que el usuario hubiera cambiado o modificado el servicio contratado, en cuyo caso resultar\u00e1n de aplicaci\u00f3n las condiciones vigentes en el momento del cambio y\/o modificaci\u00f3n.<\/p>\n<\/p>\n<p><strong>CONDICIONES DE LAS ENTRADAS<\/strong><\/p>\n<p>La tenencia de cualquiera de nuestras entradas entra\u00f1ar\u00e1 la aceptaci\u00f3n de las siguientes condiciones:<\/p>\n<\/p>\n<ol>\n<li>\n<p>Las entradas disponen de diferentes sistemas de seguridad. La admisi\u00f3n queda supeditada al hecho de disponer de la entrada completa en buenas condiciones. Toda entrada enmendada, rota o sospechosa de falsificaci\u00f3n autorizar\u00e1 al Organizador a privar del acceso al portador de la misma. La organizaci\u00f3n no garantiza la autenticidad de la entrada si no ha sido adquirida a trav\u00e9s de la plataforma de Os Xoves de C\u00f3dax, propiedad de Bodegas Mart\u00edn C\u00f3dax. No est\u00e1 permitida la reventa de esta entrada.<\/p>\n<\/li>\n<\/ol>\n<ol start=\"2\">\n<li>\n<p>Esta entrada constituye una licencia al portador para asistir \u00e9l mismo y acceder por una sola vez al evento . Es potestad del Organizador permitir la entrada una vez comenzado el evento.<\/p>\n<\/li>\n<\/ol>\n<ol start=\"3\">\n<li>\n<p>Est\u00e1 totalmente prohibida la entrada a menores de edad a los conciertos.<\/p>\n<\/li>\n<\/ol>\n<ol start=\"4\">\n<li>\n<p>Una vez adquirida la entrada no ser\u00e1 cambiada ni devuelto su importe, excepto en caso de cancelaci\u00f3n del evento. En caso de anulaci\u00f3n total del acto o del cambio de fecha del mismo, la organizaci\u00f3n se compromete a la devoluci\u00f3n del importe de esta entrada. La devoluci\u00f3n, en caso de cancelaci\u00f3n, se podr\u00e1 efectuar por el Organizador dentro del plazo de quince d\u00edas desde la celebraci\u00f3n prevista. Una vez celebrado el 50% del concierto no habr\u00e1 lugar a devoluci\u00f3n alguna. Las malas condiciones climatol\u00f3gicas y los cambios horarios no dan derecho a devoluci\u00f3n del importe de la entrada.<\/p>\n<\/li>\n<\/ol>\n<ol start=\"5\">\n<li>\n<p>El portador autoriza al Organizador a efectuar de acuerdo con la Ley las revisiones o registro de su persona y tenencias para verificar que se cumplen las condiciones de seguridad. Se reserva el derecho de admisi\u00f3n, condicionado al hecho de disponer de esta entrada completa y en buenas condiciones y de que el portador asuma y se obligue a respetar las normas de la Organizaci\u00f3n y del recinto, as\u00ed como cualquier condici\u00f3n exigible por motivos de seguridad general.<\/p>\n<\/li>\n<\/ol>\n<ol start=\"6\">\n<li>\n<p>Hall\u00e1ndose reservado el derecho de admisi\u00f3n, el Organizador del evento podr\u00e1 denegar el acceso al mismo o expulsar del recinto al portador en caso de incumplimiento de las indicaciones del personal de la organizaci\u00f3n, as\u00ed como en caso de que pueda racionalmente presumirse que se va a crear una situaci\u00f3n de riesgo o peligro para el propio portador u otros asistentes, de alboroto o por estados de intoxicaci\u00f3n aparente o potencial, responsabiliz\u00e1ndose el portador en todos los casos por sus propias acciones y omisiones que causen lesiones a terceros o da\u00f1os materiales.<\/p>\n<\/li>\n<\/ol>\n<ol start=\"7\">\n<li>\n<p>Queda totalmente prohibida la entrada al recinto con bebidas o alimentos adquiridos fuera del mismo.<\/p>\n<\/li>\n<\/ol>\n<ol start=\"8\">\n<li>\n<p>Todos los intentos de estafa, allanamiento y \/o por da\u00f1os a la propiedad privada causados directa o indirectamente a la Organizaci\u00f3n, autorizan a esta a tomar las medidas legales, tanto civiles como penales que estime oportunas contra los causantes.<\/p>\n<\/li>\n<\/ol>\n<ol start=\"9\">\n<li>\n<p>Quedan reservados todos los derechos de imagen y de propiedad intelectual derivados del evento. El portador no podr\u00e1 en ninguna forma grabar ni reproducir los sonidos y\/o im\u00e1genes del evento ni de sus asistentes sin autorizaci\u00f3n escrita del Organizador. Al efecto, se proh\u00edbe la entrada de c\u00e1maras de fotos, video y\/o aparatos de grabaci\u00f3n de cualquier tipo, as\u00ed como cualquier objeto que el Organizador considere peligroso en el entorno del evento (pirotecnia, armas, botellas, objetos de cristal, punteros laser, etc,\u2026)<\/p>\n<\/li>\n<\/ol>\n<ol start=\"10\">\n<li>\n<p>La posesi\u00f3n de esta entrada no da derecho a su poseedor o a terceros a utilizar la misma, o su contenido, con fines publicitarios, de marketing o de promoci\u00f3n (incluidos concursos, regalos y\/o sorteos), asociada al poseedor de la entrada o a un tercero. El incumplimiento de este punto obligar\u00e1 al anunciante y\/o usuario no autorizado a hacer efectiva una penalidad equivalente a mil veces el precio de la entrada m\u00e1s cara del evento que figura en el anverso, sin perjuicio de posteriores reclamaciones por da\u00f1os y prejuicios generales. Asimismo, quedar\u00e1 anulada la licencia incorporada a la presente.<\/p>\n<\/li>\n<\/ol>\n<ol start=\"11\">\n<li>\n<p>Se presumir\u00e1 que el portador crea una situaci\u00f3n de riesgo si es poseedor de aparatos de grabaci\u00f3n, fijaci\u00f3n y\/o reproducci\u00f3n sonora o visual, as\u00ed como de objetos susceptibles de ser arrojados y causar da\u00f1o (latas, botellas, etc.) o si sube al escenario y\/o se lanza sobre el p\u00fablico, a\u00fan por invitaci\u00f3n de los artistas, o se introduce en espacios de acceso restringido a la Organizaci\u00f3n, responsabiliz\u00e1ndose personalmente en todos los casos por sus propias acciones y omisiones que causen lesiones a terceros o da\u00f1os a las cosas.<\/p>\n<\/li>\n<\/ol>\n<ol start=\"12\">\n<li>\n<p>El acceso al recinto del evento comporta el consentimiento a ser tomado en fotograf\u00edas y otros medios de grabaci\u00f3n y\/o reproducci\u00f3n sin derecho a compensaci\u00f3n alguna por ello cualquiera que fuera su utilizaci\u00f3n posterior. El p\u00fablico asistente podr\u00e1 aparecer en im\u00e1genes tomadas por diferentes medios para su posterior difusi\u00f3n promocional.<\/p>\n<\/li>\n<\/ol>\n<ol start=\"13\">\n<li>\n<p>El portador de esta entrada asume personalmente todo riesgo que pueda derivarse del evento y\/o de la concentraci\u00f3n a que da lugar el mismo tanto en el acceso como durante y en la salida.<\/p>\n<\/li>\n<\/ol>\n<ol start=\"14\">\n<li>\n<p>La Organizaci\u00f3n te garantiza la protecci\u00f3n de tus datos personales, y se reserva el derecho de utilizar los datos facilitados para mejorar el sistema de ventas. La raz\u00f3n por la cual se solicitan es agilizar el proceso de compra. Asimismo, la Organizaci\u00f3n te garantiza que no vende, alquila o comercia tus datos personales a terceros.<\/p>\n<\/li>\n<\/ol>\n<ol start=\"15\">\n<li>\n<p>Cualquier reclamaci\u00f3n deber\u00e1 acompa\u00f1arse obligatoriamente con la presentaci\u00f3n de esta entrada.<\/p>\n<\/li>\n<\/ol>\n<ol start=\"16\">\n<li>\n<p>El Organizador del evento, en base a la tipolog\u00eda y\/o singularidad del mismo puede anular o modificar cualquiera de las anteriores condiciones, en cuyo caso lo pondr\u00e1 en conocimiento del p\u00fablico asistente por los canales que considere adecuados.<\/p>\n<\/p>\n<\/li>\n<\/ol>\n","protected":false},"excerpt":{"rendered":"<p>OBJETO DEL CONTRATO Las presentes Condiciones, tienen por objeto regular el acceso y el r\u00e9gimen de adquisici\u00f3n de los productos facilitados por Bodegas Mart\u00edn C\u00f3dax S.A.U al usuario a trav\u00e9s de su p\u00e1gina Web, constituyendo el marco jur\u00eddico que desarrolla la relaci\u00f3n contractual. Los productos y contenidos, ser\u00e1n los que se encuentren a disposici\u00f3n del Usuario en la siguiente p\u00e1gina Web titularidad de&nbsp;Bodegas Mart\u00edn C\u00f3dax S.A.U &nbsp;http:\/\/www.martincodax.com Para cualquier reclamaci\u00f3n podr\u00e1 dirigirse a Bodegas Mart\u00edn C\u00f3dax Burg\u00e1ns, 91 36633 Vilari\u00f1o. Cambabos Pontevedra TLF 986526040. Email: comercial@martincodax.com ACEPTACI\u00d3N Y DISPONIBILIDAD Las presentes Condiciones, regulan la relaci\u00f3n jur\u00eddica derivada de los procesos de contrataci\u00f3n formalizados por los Usuarios a trav\u00e9s de la p\u00e1gina Web de&nbsp;BODEGAS MARTIN CODAX S.A.U. &nbsp;Los Usuarios aceptan expresamente la adhesi\u00f3n plena y sin reservas a las presentes estipulaciones, en la versi\u00f3n publicada Bodegas Mart\u00edn C\u00f3dax S.A.U en el momento en que el Usuario contrate el producto y\/o contenidos en el que est\u00e1 interesado. Por tanto el Usuario se compromete a leer atentamente las condiciones de contrataci\u00f3n, cada vez que proceda a la contrataci\u00f3n de alg\u00fan producto, dado que las mismas han podido ser objeto de modificaci\u00f3n desde la \u00faltima vez que accedi\u00f3. Mediante la aceptaci\u00f3n de las presentes Condiciones Generales de contrataci\u00f3n el Usuario declara: Que es una persona con capacidad para contratar. Que ha le\u00eddo y acepta las presentes condiciones generales de contrataci\u00f3n. El Usuario tendr\u00e1 acceso siempre y en todo caso, con car\u00e1cter previo al inicio del procedimiento de contrataci\u00f3n de productos, a las condiciones de contrataci\u00f3n, pudiendo ser almacenadas y\/o reproducidas en un soporte duradero. MODIFICACI\u00d3N DE LAS CONDICIONES DE CONTRATACI\u00d3N Bodegas Mart\u00edn C\u00f3dax S.A.U&nbsp;podr\u00e1 modificar las presentes estipulaciones siempre que exista causa o motivo suficiente para ello. Se entiende que existe causa o motivo suficiente para la modificaci\u00f3n, con car\u00e1cter enunciativo y no limitativo,&#8230; <\/p>\n<p><a class=\"readmore\" href=\"https:\/\/www.cuatropasos.es\/en\/aviso-legal\/\">Continuar leyendo<\/a><\/p>\n","protected":false},"author":1,"featured_media":0,"parent":0,"menu_order":0,"comment_status":"closed","ping_status":"closed","template":"","meta":[],"_links":{"self":[{"href":"https:\/\/www.cuatropasos.es\/en\/wp-json\/wp\/v2\/pages\/9227"}],"collection":[{"href":"https:\/\/www.cuatropasos.es\/en\/wp-json\/wp\/v2\/pages"}],"about":[{"href":"https:\/\/www.cuatropasos.es\/en\/wp-json\/wp\/v2\/types\/page"}],"author":[{"embeddable":true,"href":"https:\/\/www.cuatropasos.es\/en\/wp-json\/wp\/v2\/users\/1"}],"replies":[{"embeddable":true,"href":"https:\/\/www.cuatropasos.es\/en\/wp-json\/wp\/v2\/comments?post=9227"}],"version-history":[{"count":3,"href":"https:\/\/www.cuatropasos.es\/en\/wp-json\/wp\/v2\/pages\/9227\/revisions"}],"predecessor-version":[{"id":9769,"href":"https:\/\/www.cuatropasos.es\/en\/wp-json\/wp\/v2\/pages\/9227\/revisions\/9769"}],"wp:attachment":[{"href":"https:\/\/www.cuatropasos.es\/en\/wp-json\/wp\/v2\/media?parent=9227"}],"curies":[{"name":"wp","href":"https:\/\/api.w.org\/{rel}","templated":true}]}}