{"id":7867,"date":"2016-01-13T11:06:22","date_gmt":"2016-01-13T11:06:22","guid":{"rendered":"http:\/\/webnus.biz\/themes\/risotto\/?page_id=7867"},"modified":"2025-12-29T11:32:49","modified_gmt":"2025-12-29T11:32:49","slug":"enoturismo","status":"publish","type":"page","link":"https:\/\/www.cuatropasos.es\/en\/enoturismo\/","title":{"rendered":"Visit us"},"content":{"rendered":"<h3 style=\"text-align: center;\"><strong>Vive de primera mano la singularidad de la viticultura local del Bierzo<\/strong><\/h3>\n<p>\u00a0<\/p>\n<p style=\"text-align: center;\">En <strong>Bodegas Cuatro Pasos<\/strong> estamos preparando nuestras experiencias de enoturismo, que incluyen visitas guiadas por la bodega con cata maridaje y la posibilidad de adentrarse en nuestros vi\u00f1edos.<\/p>\n<p style=\"text-align: center;\" data-start=\"437\" data-end=\"579\"><strong data-start=\"437\" data-end=\"531\">Actualmente, la bodega permanece cerrada al p\u00fablico y no se realizan visitas enotur\u00edsticas<\/strong>, pero esperamos poder recibirte pr\u00f3ximamente.<\/p>\n<hr class=\"boldbx\">\n<p style=\"text-align: center;\"><strong>PARA M\u00c1S INFORMACI\u00d3N:<\/strong><\/p>\n<p style=\"text-align: center;\"><strong><a style=\"color: #d38c60;\" href=\"mailto:bierzo@martincodax.com\">bierzo@martincodax.com<\/a> \\ Tel. <a style=\"color: #d38c60;\" href=\"tel:+34663274992\">987 548 089<\/a><\/strong><\/p>\n<p style=\"text-align: center;\"><strong>BODEGAS CUATRO PASOS<\/strong><\/p>\n<p style=\"text-align: center;\"><strong>Calle Sta. Mar\u00eda, 43 24540 Cacabelos, Le\u00f3n<\/strong><\/p>\n\n\n<div style=\"height:100px\" aria-hidden=\"true\" class=\"wp-block-spacer\"><\/div>\n","protected":false},"excerpt":{"rendered":"<p>Vive de primera mano la singularidad de la viticultura local del Bierzo \u00a0 En Bodegas Cuatro Pasos estamos preparando nuestras experiencias de enoturismo, que incluyen visitas guiadas por la bodega con cata maridaje y la posibilidad de adentrarse en nuestros vi\u00f1edos. Actualmente, la bodega permanece cerrada al p\u00fablico y no se realizan visitas enotur\u00edsticas, pero esperamos poder recibirte pr\u00f3ximamente. PARA M\u00c1S INFORMACI\u00d3N: bierzo@martincodax.com \\ Tel. 987 548 089 BODEGAS CUATRO PASOS Calle Sta. Mar\u00eda, 43 24540 Cacabelos, Le\u00f3n<\/p>\n","protected":false},"author":1,"featured_media":0,"parent":0,"menu_order":0,"comment_status":"closed","ping_status":"closed","template":"","meta":[],"_links":{"self":[{"href":"https:\/\/www.cuatropasos.es\/en\/wp-json\/wp\/v2\/pages\/7867"}],"collection":[{"href":"https:\/\/www.cuatropasos.es\/en\/wp-json\/wp\/v2\/pages"}],"about":[{"href":"https:\/\/www.cuatropasos.es\/en\/wp-json\/wp\/v2\/types\/page"}],"author":[{"embeddable":true,"href":"https:\/\/www.cuatropasos.es\/en\/wp-json\/wp\/v2\/users\/1"}],"replies":[{"embeddable":true,"href":"https:\/\/www.cuatropasos.es\/en\/wp-json\/wp\/v2\/comments?post=7867"}],"version-history":[{"count":12,"href":"https:\/\/www.cuatropasos.es\/en\/wp-json\/wp\/v2\/pages\/7867\/revisions"}],"predecessor-version":[{"id":9798,"href":"https:\/\/www.cuatropasos.es\/en\/wp-json\/wp\/v2\/pages\/7867\/revisions\/9798"}],"wp:attachment":[{"href":"https:\/\/www.cuatropasos.es\/en\/wp-json\/wp\/v2\/media?parent=7867"}],"curies":[{"name":"wp","href":"https:\/\/api.w.org\/{rel}","templated":true}]}}