{"id":4834,"date":"2015-06-28T06:55:08","date_gmt":"2015-06-28T06:55:08","guid":{"rendered":"http:\/\/webnus.biz\/themes\/papillon-wp\/?page_id=4834"},"modified":"2016-06-30T11:24:39","modified_gmt":"2016-06-30T11:24:39","slug":"el-compromiso","status":"publish","type":"page","link":"https:\/\/www.cuatropasos.es\/en\/el-compromiso\/","title":{"rendered":"El compromiso"},"content":{"rendered":"<p>[vc_row row_type=&#8221;2&#8243; blox_image=&#8221;8991&#8243; page_title=&#8221;page-title-x&#8221; blox_dark=&#8221;true&#8221;][vc_column]<hr class=\"vertical-space4\"><hr class=\"vertical-space4\">[vc_column_text]<\/p>\n<h2 class=\"poiret-title1\">The commitment<\/h2>\n<p>[\/vc_column_text]<hr class=\"vertical-space4\"><hr class=\"vertical-space4\">[\/vc_column][\/vc_row][vc_row row_id=&#8221;about&#8221;][vc_column]<hr class=\"vertical-space3\">[vc_row_inner][vc_column_inner width=&#8221;1\/2&#8243;][vc_single_image image=&#8221;9120&#8243; img_size=&#8221;full&#8221; alignment=&#8221;right&#8221;]<hr class=\"vertical-space1\">[\/vc_column_inner][vc_column_inner width=&#8221;1\/2&#8243;]<div class=\"max-title5\"><h2>THE WINE &amp; THE BEAR<\/h2><\/div><hr class=\"vertical-space1\">[vc_column_text]<\/p>\n<h4><strong>The Wine\u2019s connection to the bear<\/strong><\/h4>\n<p>For the grape\u2019s importance and its inherent richness, <strong>Bodegas Mart\u00edn C\u00f3dax<\/strong> has committed itself to creating a quality Menc\u00eda wine.<\/p>\n<p>After months of thorough investigation by the winery\u2019s Technical Department staff, <strong>El Bierzo<\/strong> was chosen as the finest region for cultivation thanks to its ideal soil, climate, and splendid local vineyards.<\/p>\n<p>High in Bierzo\u2019s mountains, mature Menc\u00eda vines with the clear potential to produce wines of the greatest quality were found. To their surprise however, they were not the only ones to make this discovery.<\/p>\n<p>At their feet they found bear footprints that would inspire the name of the wine and the team\u2019s ongoing commitment to this endangered species. For this reason, <strong>Cuatro Pasos<\/strong> and the bears will always step in the same direction: that of protection.[\/vc_column_text]<hr class=\"vertical-space1\">[\/vc_column_inner][\/vc_row_inner]<hr class=\"vertical-space2\">[\/vc_column][\/vc_row][vc_row row_type=&#8221;2&#8243; blox_bgcolor=&#8221;#f7f7f7&#8243;][vc_column]<hr class=\"vertical-space4\"><hr class=\"vertical-space4\"><div class=\"w-divider6\"><i class=\"colora  fa-close\" style=\"background-color:\"><\/i><h3><span class=\"colorf spl\" style=\"color:; border-bottom: 1px solid; \">Challenges<\/span><span class=\"spr\">of the Brown Bear<\/span><\/h3><\/div><hr class=\"vertical-space1\">[vc_row_inner][vc_column_inner width=&#8221;1\/2&#8243;][vc_column_text]The fact that the Cantabrian Brown Bear is near extinction is no secret. Though it may seem otherwise, the survival of this vulnerable mammal depends largely on humans. In the <strong>Cantabrian Mountains<\/strong>, specialists are working hard to prevent the species becoming extinct. In areas such as <strong>El Bierzo<\/strong>, where there was once a large population, bears are few in numbers and just three females have been identified.[\/vc_column_text][\/vc_column_inner][vc_column_inner width=&#8221;1\/2&#8243;][vc_column_text]One of the main causes for their disappearance is the departure of humans living in high mountain areas. Given the lack of fruit trees and other animals in the area, the bears have trouble finding food. At the end of their hibernation, the young struggle with malnourishment and often do not make it, thus complicating the propagation of the species.<\/p>\n<p><strong>Cuatro Pasos<\/strong> has committed itself to the problem and is working to find solutions.[\/vc_column_text][\/vc_column_inner][\/vc_row_inner]<hr class=\"vertical-space4\"><hr class=\"vertical-space4\">[\/vc_column][\/vc_row][vc_row row_type=&#8221;3&#8243; blox_image=&#8221;8992&#8243; align_center=&#8221;aligncenter&#8221; blox_dark=&#8221;true&#8221; parallax_speed=&#8221;7&#8243;][vc_column]<hr class=\"vertical-space5\"><hr class=\"vertical-space5\"><hr class=\"vertical-space5\"><hr class=\"vertical-space5\"><hr class=\"vertical-space5\">[\/vc_column][\/vc_row][vc_row][vc_column]<hr class=\"vertical-space3\"><div class=\"max-title5\"><h2>Measures Taken in Protecting the Brown Bear<\/h2><\/div><hr class=\"vertical-space2\">[vc_column_text]Due to the increasing concerns for the survival of the bear, <strong>Cuatro Pasos<\/strong> has partnered with <strong>FAPAS<\/strong>, the <strong>Fund for the Protection of Wild Animals<\/strong>. FAPAS is an organization committed to the protection of Iberian wildlife in the Cantabrian Mountains and has several projects aimed at the preservation of the Cantabrian Brown Bear species.<\/p>\n<p>There are several <strong>actions <\/strong>on which <strong>Cuatro Pasos<\/strong> is working in order to safeguard and restore the bear habitat in El Bierzo region.[\/vc_column_text][vc_tta_accordion][vc_tta_section title=&#8221;Identification of the biological corridors for the bears&#8221; tab_id=&#8221;1467285380963-34097d1b-8ef8&#8243;][vc_column_text]The corridors connect large areas of mountain ranges hence favouring the patches for this plantigrade animal. Thanks to their identification, individuals may be registered and their territories identified.[\/vc_column_text][\/vc_tta_section][vc_tta_section title=&#8221;Monitor the bear population&#8221; tab_id=&#8221;1467285381071-b7ab47ad-5a0c&#8221;][vc_column_text]Walks, photo monitoring, genetic identification\u2026 All this with the aim of getting the number of bears in the area.[\/vc_column_text][\/vc_tta_section][vc_tta_section title=&#8221;The planting of fruit trees&#8221; tab_id=&#8221;1467285437735-d0bb4978-a416&#8243;][vc_column_text]Fruit trees provide food for the bear and help the environment by capturing CO2 from the atmosphere. Planting fruit trees has the added benefit of natural dispersion, thus ensuring their permanence. Abandoned lands where corn, wheat or potatoes were once grown have been chosen as the sites for planting fruit trees. The primary plant species are chestnut and cherry trees, as they provide nourishment for the bears in the fall and spring, two key periods as the bears require great amounts of fats and vitamins during these months.[\/vc_column_text][\/vc_tta_section][vc_tta_section title=&#8221;Recovery of cortines and placing of beehives&#8221; tab_id=&#8221;1467285471670-cefd8311-a466&#8243;][vc_column_text]Cortines are ancient circular stone buildings of Roman origin that were installed in the mountains at the time to protect beehives. Bears could not enter these corridors and thus were prevented from destroying the beehives. Unfortunately, the practice was gradually abandoned over time. Cuatro Pasos has resumed the practice with the hope of increasing bee populations. Bee colony numbers have fallen due to diseases such as foulbrood and Barroasis that arose when American bee species were introduced to the indigenous population. The recovery of the bee population is essential to the survival of the bear as bees assist in the pollination and natural spreading of the plants on which the bear feeds.[\/vc_column_text][\/vc_tta_section][vc_tta_section title=&#8221;Placing experimental beehives&#8221; tab_id=&#8221;1467285498162-e2cc2503-7893&#8243;][vc_column_text]Another of the latest actions is placing various experimental beehives that differ from the traditional ones because the bear can extract the honey without damaging it and the bees, thus favouring the pollination by the bees.[\/vc_column_text][\/vc_tta_section][\/vc_tta_accordion]<hr class=\"vertical-space4\">[\/vc_column][\/vc_row]<\/p>","protected":false},"excerpt":{"rendered":"<p>[vc_row row_type=&#8221;2&#8243; blox_image=&#8221;8991&#8243; page_title=&#8221;page-title-x&#8221; blox_dark=&#8221;true&#8221;][vc_column][vc_column_text] The commitment [\/vc_column_text][\/vc_column][\/vc_row][vc_row row_id=&#8221;about&#8221;][vc_column][vc_row_inner][vc_column_inner width=&#8221;1\/2&#8243;][vc_single_image image=&#8221;9120&#8243; img_size=&#8221;full&#8221; alignment=&#8221;right&#8221;][\/vc_column_inner][vc_column_inner width=&#8221;1\/2&#8243;][vc_column_text] The Wine\u2019s connection to the bear For the grape\u2019s importance and its inherent richness, Bodegas Mart\u00edn C\u00f3dax has committed itself to creating a quality Menc\u00eda wine. After months of thorough investigation by the winery\u2019s Technical Department staff, El Bierzo was chosen as the finest region for cultivation thanks to its ideal soil, climate, and splendid local vineyards. High in Bierzo\u2019s mountains, mature Menc\u00eda vines with the clear potential to produce wines of the greatest quality were found. To their surprise however, they were not the only ones to make this discovery. At their feet they found bear footprints that would inspire the name of the wine and the team\u2019s ongoing commitment to this endangered species. For this reason, Cuatro Pasos and the bears will always step in the same direction: that of protection.[\/vc_column_text][\/vc_column_inner][\/vc_row_inner][\/vc_column][\/vc_row][vc_row row_type=&#8221;2&#8243; blox_bgcolor=&#8221;#f7f7f7&#8243;][vc_column][vc_row_inner][vc_column_inner width=&#8221;1\/2&#8243;][vc_column_text]The fact that the Cantabrian Brown Bear is near extinction is no secret. Though it may seem otherwise, the survival of this vulnerable mammal depends largely on humans. In the Cantabrian Mountains, specialists are working hard to prevent the species becoming extinct. In areas such as El Bierzo, where there was once a large population, bears are few in numbers and just three females have been identified.[\/vc_column_text][\/vc_column_inner][vc_column_inner width=&#8221;1\/2&#8243;][vc_column_text]One of the main causes for their disappearance is the departure of humans living in high mountain areas. Given the lack of fruit trees and other animals in the area, the bears have trouble finding food. At the end of their hibernation, the young struggle with malnourishment and often do not make it, thus complicating the propagation of the species. Cuatro Pasos has committed itself to the problem and is working to find solutions.[\/vc_column_text][\/vc_column_inner][\/vc_row_inner][\/vc_column][\/vc_row][vc_row row_type=&#8221;3&#8243; blox_image=&#8221;8992&#8243; align_center=&#8221;aligncenter&#8221; blox_dark=&#8221;true&#8221; parallax_speed=&#8221;7&#8243;][vc_column][\/vc_column][\/vc_row][vc_row][vc_column][vc_column_text]Due to the increasing concerns for&#8230; <\/p>\n<p><a class=\"readmore\" href=\"https:\/\/www.cuatropasos.es\/en\/el-compromiso\/\">Continuar leyendo<\/a><\/p>\n","protected":false},"author":1,"featured_media":0,"parent":0,"menu_order":0,"comment_status":"closed","ping_status":"closed","template":"","meta":[],"_links":{"self":[{"href":"https:\/\/www.cuatropasos.es\/en\/wp-json\/wp\/v2\/pages\/4834"}],"collection":[{"href":"https:\/\/www.cuatropasos.es\/en\/wp-json\/wp\/v2\/pages"}],"about":[{"href":"https:\/\/www.cuatropasos.es\/en\/wp-json\/wp\/v2\/types\/page"}],"author":[{"embeddable":true,"href":"https:\/\/www.cuatropasos.es\/en\/wp-json\/wp\/v2\/users\/1"}],"replies":[{"embeddable":true,"href":"https:\/\/www.cuatropasos.es\/en\/wp-json\/wp\/v2\/comments?post=4834"}],"version-history":[{"count":38,"href":"https:\/\/www.cuatropasos.es\/en\/wp-json\/wp\/v2\/pages\/4834\/revisions"}],"predecessor-version":[{"id":9126,"href":"https:\/\/www.cuatropasos.es\/en\/wp-json\/wp\/v2\/pages\/4834\/revisions\/9126"}],"wp:attachment":[{"href":"https:\/\/www.cuatropasos.es\/en\/wp-json\/wp\/v2\/media?parent=4834"}],"curies":[{"name":"wp","href":"https:\/\/api.w.org\/{rel}","templated":true}]}}